{"id":329,"date":"2021-11-02T04:26:31","date_gmt":"2021-11-02T04:26:31","guid":{"rendered":"https:\/\/kdpkepler.com.br\/?page_id=329"},"modified":"2021-11-02T04:32:10","modified_gmt":"2021-11-02T04:32:10","slug":"about-us","status":"publish","type":"page","link":"https:\/\/kdpkepler.com.br\/index.php\/about-us\/","title":{"rendered":"Sobre a KDP Kepler"},"content":{"rendered":"\t\t<div data-elementor-type=\"wp-page\" data-elementor-id=\"329\" class=\"elementor elementor-329\">\n\t\t\t\t\t\t\t\t\t<section class=\"elementor-section elementor-top-section elementor-element elementor-element-f61a785 elementor-section-boxed elementor-section-height-default elementor-section-height-default\" data-id=\"f61a785\" data-element_type=\"section\">\n\t\t\t\t\t\t<div class=\"elementor-container elementor-column-gap-default\">\n\t\t\t\t\t<div class=\"elementor-column elementor-col-100 elementor-top-column elementor-element elementor-element-167c38c\" data-id=\"167c38c\" data-element_type=\"column\">\n\t\t\t<div class=\"elementor-widget-wrap elementor-element-populated\">\n\t\t\t\t\t\t\t\t<div class=\"elementor-element elementor-element-4b8e9d0 elementor-widget elementor-widget-text-editor\" data-id=\"4b8e9d0\" data-element_type=\"widget\" data-widget_type=\"text-editor.default\">\n\t\t\t\t<div class=\"elementor-widget-container\">\n\t\t\t<style>\/*! elementor - v3.6.5 - 27-04-2022 *\/\n.elementor-widget-text-editor.elementor-drop-cap-view-stacked .elementor-drop-cap{background-color:#818a91;color:#fff}.elementor-widget-text-editor.elementor-drop-cap-view-framed .elementor-drop-cap{color:#818a91;border:3px solid;background-color:transparent}.elementor-widget-text-editor:not(.elementor-drop-cap-view-default) .elementor-drop-cap{margin-top:8px}.elementor-widget-text-editor:not(.elementor-drop-cap-view-default) .elementor-drop-cap-letter{width:1em;height:1em}.elementor-widget-text-editor .elementor-drop-cap{float:left;text-align:center;line-height:1;font-size:50px}.elementor-widget-text-editor .elementor-drop-cap-letter{display:inline-block}<\/style>\t\t\t\t<div>KDP-Kepler, uma consultoria atuante no desenvolvimento de potencial em empresas nacionais e de capital estrangeiro, em diversos segmentos de mercado, desde 1997.<\/div>\n<br\/>\n<div>Apoiada em modernas tecnologias e na experi\u00eancia, a KDP-Kepler apresenta propostas e solu\u00e7\u00f5es capazes de complementar tanto a estrat\u00e9gia organizacional como a pol\u00edtica de recursos humanos de nossos clientes.<\/div>\n<br\/>\n<div>Criamos jogos para treinamento t\u00e9cnico e comportamental espec\u00edficos para clientes como Banco Ita\u00fa, Pepsico, International Paper, CPFL, Novo Nordisk, Cargill e Santista T\u00eaxtil, entre outros. Estes jogos t\u00eam sido reconhecidos e premiados mundialmente, e hoje fazem parte das melhores pr\u00e1ticas destas organiza\u00e7\u00f5es.<\/div>\t\t\t\t\t\t<\/div>\n\t\t\t\t<\/div>\n\t\t\t\t\t<\/div>\n\t\t<\/div>\n\t\t\t\t\t\t\t<\/div>\n\t\t<\/section>\n\t\t\t\t\t\t\t<\/div>\n\t\t","protected":false},"excerpt":{"rendered":"<p>KDP-Kepler, uma consultoria atuante no desenvolvimento de potencial em empresas nacionais e de capital estrangeiro, em diversos segmentos de mercado, desde 1997. Apoiada em modernas tecnologias e na experi\u00eancia, a KDP-Kepler apresenta propostas e solu\u00e7\u00f5es capazes de complementar tanto a estrat\u00e9gia organizacional como a pol\u00edtica de recursos humanos de nossos clientes. Criamos jogos para treinamento [&hellip;]<\/p>\n","protected":false},"author":1,"featured_media":0,"parent":0,"menu_order":0,"comment_status":"closed","ping_status":"closed","template":"templates\/template-page-full-width.php","meta":{"footnotes":""},"class_list":["post-329","page","type-page","status-publish","hentry"],"_links":{"self":[{"href":"https:\/\/kdpkepler.com.br\/index.php\/wp-json\/wp\/v2\/pages\/329","targetHints":{"allow":["GET"]}}],"collection":[{"href":"https:\/\/kdpkepler.com.br\/index.php\/wp-json\/wp\/v2\/pages"}],"about":[{"href":"https:\/\/kdpkepler.com.br\/index.php\/wp-json\/wp\/v2\/types\/page"}],"author":[{"embeddable":true,"href":"https:\/\/kdpkepler.com.br\/index.php\/wp-json\/wp\/v2\/users\/1"}],"replies":[{"embeddable":true,"href":"https:\/\/kdpkepler.com.br\/index.php\/wp-json\/wp\/v2\/comments?post=329"}],"version-history":[{"count":4,"href":"https:\/\/kdpkepler.com.br\/index.php\/wp-json\/wp\/v2\/pages\/329\/revisions"}],"predecessor-version":[{"id":334,"href":"https:\/\/kdpkepler.com.br\/index.php\/wp-json\/wp\/v2\/pages\/329\/revisions\/334"}],"wp:attachment":[{"href":"https:\/\/kdpkepler.com.br\/index.php\/wp-json\/wp\/v2\/media?parent=329"}],"curies":[{"name":"wp","href":"https:\/\/api.w.org\/{rel}","templated":true}]}}